{"id":155,"date":"2023-12-01T22:41:55","date_gmt":"2023-12-01T21:41:55","guid":{"rendered":"https:\/\/wattyland.fr\/?page_id=155"},"modified":"2025-09-02T19:05:49","modified_gmt":"2025-09-02T17:05:49","slug":"a-propos-de-moi","status":"publish","type":"page","link":"https:\/\/wattyland.fr\/index.php\/a-propos-de-moi\/","title":{"rendered":"\u00c0 propos de moi"},"content":{"rendered":"\t\t<div data-elementor-type=\"wp-page\" data-elementor-id=\"155\" class=\"elementor elementor-155\">\n\t\t\t\t<div class=\"elementor-element elementor-element-b80e464 e-flex e-con-boxed e-con e-parent\" data-id=\"b80e464\" data-element_type=\"container\" data-settings=\"{&quot;background_background&quot;:&quot;classic&quot;}\">\n\t\t\t\t\t<div class=\"e-con-inner\">\n\t\t\t\t<div class=\"elementor-element elementor-element-a3b55c4 elementor-widget elementor-widget-heading\" data-id=\"a3b55c4\" data-element_type=\"widget\" data-widget_type=\"heading.default\">\n\t\t\t\t<div class=\"elementor-widget-container\">\n\t\t\t\t\t<h1 class=\"elementor-heading-title elementor-size-default\">\u00c0 propos de moi<\/h1>\t\t\t\t<\/div>\n\t\t\t\t<\/div>\n\t\t<div class=\"elementor-element elementor-element-a906e45 e-con-full e-flex e-con e-child\" data-id=\"a906e45\" data-element_type=\"container\">\n\t\t\t\t<div class=\"elementor-element elementor-element-0bdd316 elementor-widget elementor-widget-image\" data-id=\"0bdd316\" data-element_type=\"widget\" data-widget_type=\"image.default\">\n\t\t\t\t<div class=\"elementor-widget-container\">\n\t\t\t\t\t\t\t\t\t\t\t\t\t\t\t<img fetchpriority=\"high\" decoding=\"async\" width=\"245\" height=\"300\" src=\"https:\/\/wattyland.fr\/wp-content\/uploads\/2025\/09\/IMG_20231007_175035_791-245x300.png\" class=\"attachment-medium size-medium wp-image-1427\" alt=\"\" srcset=\"https:\/\/wattyland.fr\/wp-content\/uploads\/2025\/09\/IMG_20231007_175035_791-245x300.png 245w, https:\/\/wattyland.fr\/wp-content\/uploads\/2025\/09\/IMG_20231007_175035_791-600x734.png 600w, https:\/\/wattyland.fr\/wp-content\/uploads\/2025\/09\/IMG_20231007_175035_791-837x1024.png 837w, https:\/\/wattyland.fr\/wp-content\/uploads\/2025\/09\/IMG_20231007_175035_791-768x939.png 768w, https:\/\/wattyland.fr\/wp-content\/uploads\/2025\/09\/IMG_20231007_175035_791.png 1080w\" sizes=\"(max-width: 245px) 100vw, 245px\" \/>\t\t\t\t\t\t\t\t\t\t\t\t\t\t\t<\/div>\n\t\t\t\t<\/div>\n\t\t\t\t<\/div>\n\t\t\t\t\t<\/div>\n\t\t\t\t<\/div>\n\t\t<div class=\"elementor-element elementor-element-1edb7d7 e-con-full e-flex e-con e-parent\" data-id=\"1edb7d7\" data-element_type=\"container\" data-settings=\"{&quot;background_background&quot;:&quot;classic&quot;}\">\n\t\t<div class=\"elementor-element elementor-element-0fb9ae8 e-con-full e-flex e-con e-child\" data-id=\"0fb9ae8\" data-element_type=\"container\">\n\t\t\t\t<div class=\"elementor-element elementor-element-d34db15 elementor-widget__width-initial elementor-widget elementor-widget-image\" data-id=\"d34db15\" data-element_type=\"widget\" data-widget_type=\"image.default\">\n\t\t\t\t<div class=\"elementor-widget-container\">\n\t\t\t\t\t\t\t\t\t\t\t\t\t\t\t<img decoding=\"async\" width=\"648\" height=\"1024\" src=\"https:\/\/wattyland.fr\/wp-content\/uploads\/2025\/08\/119474400_10223696057971156_538662118166284310_n-648x1024.jpg\" class=\"attachment-large size-large wp-image-948\" alt=\"\" srcset=\"https:\/\/wattyland.fr\/wp-content\/uploads\/2025\/08\/119474400_10223696057971156_538662118166284310_n-648x1024.jpg 648w, https:\/\/wattyland.fr\/wp-content\/uploads\/2025\/08\/119474400_10223696057971156_538662118166284310_n-600x948.jpg 600w, https:\/\/wattyland.fr\/wp-content\/uploads\/2025\/08\/119474400_10223696057971156_538662118166284310_n-190x300.jpg 190w, https:\/\/wattyland.fr\/wp-content\/uploads\/2025\/08\/119474400_10223696057971156_538662118166284310_n-768x1214.jpg 768w, https:\/\/wattyland.fr\/wp-content\/uploads\/2025\/08\/119474400_10223696057971156_538662118166284310_n-972x1536.jpg 972w, https:\/\/wattyland.fr\/wp-content\/uploads\/2025\/08\/119474400_10223696057971156_538662118166284310_n.jpg 1296w\" sizes=\"(max-width: 648px) 100vw, 648px\" \/>\t\t\t\t\t\t\t\t\t\t\t\t\t\t\t<\/div>\n\t\t\t\t<\/div>\n\t\t\t\t<\/div>\n\t\t<div class=\"elementor-element elementor-element-9382ef0 e-con-full e-flex e-con e-child\" data-id=\"9382ef0\" data-element_type=\"container\">\n\t\t\t\t<div class=\"elementor-element elementor-element-4ce1a5a elementor-widget elementor-widget-heading\" data-id=\"4ce1a5a\" data-element_type=\"widget\" data-widget_type=\"heading.default\">\n\t\t\t\t<div class=\"elementor-widget-container\">\n\t\t\t\t\t<h2 class=\"elementor-heading-title elementor-size-default\">\u00c0 propos d'une cr\u00e9atrice d'\u00e9motions<\/h2>\t\t\t\t<\/div>\n\t\t\t\t<\/div>\n\t\t\t\t<div class=\"elementor-element elementor-element-31bc872 elementor-widget elementor-widget-text-editor\" data-id=\"31bc872\" data-element_type=\"widget\" data-widget_type=\"text-editor.default\">\n\t\t\t\t<div class=\"elementor-widget-container\">\n\t\t\t\t\t\t\t\t\t<p><span style=\"font-weight: 400;\">En tant que gardienne de ce royaume artistique, mon r\u00f4le est de vous guider \u00e0 travers mon univers et de vous en dire un peu plus \u00e0 propos de moi.\u00a0<\/span><\/p><p><span style=\"font-weight: 400;\">Mon nom est Wateka et ceci est mon royaume. Ma mission consiste \u00e0 exaucer vos souhaits dans le monde r\u00e9el gr\u00e2ce \u00e0 la magie dont je dispose dans le mien.\u00a0<\/span><\/p><p><span style=\"font-weight: 400;\">J\u2019incarne l\u2019esprit cr\u00e9atif qui donne vie \u00e0 tout ce que vous pourrez croiser sur le chemin de l\u2019imaginaire.\u00a0<\/span><\/p><p><span style=\"font-weight: 400;\">D\u2019un coup de baguette pas trop cuite, je m\u00e9tamorphose vos id\u00e9es les plus audacieuses en \u0153uvre tangible.<\/span><\/p><p><span style=\"font-weight: 400;\">Cach\u00e9e au c\u0153ur de Wattyland, je fa\u00e7onne chaque cr\u00e9ation \u00e0 la main, en ne l\u00e9sinant pas sur la dose d\u2019amour et de magie ajout\u00e9e \u00e0 chaque d\u00e9tail. <\/span><\/p><p><span style=\"font-weight: 400;\">Dans les <a href=\"https:\/\/fr.wikipedia.org\/wiki\/Diorama\">dioramas<\/a>, les toiles ou les talismans, je capture l\u2019essence de vos souhaits afin de transformer l\u2019ordinaire en extraordinaire, insufflant ainsi la vie \u00e0 chaque \u00e9l\u00e9ment que je cr\u00e9e.<\/span><\/p><p><span style=\"font-weight: 400;\">Les maquettes, les bijoux, les toiles et les objets personnalis\u00e9s qui \u00e9manent de mon atelier mystique sont impr\u00e9gn\u00e9s de mon d\u00e9vouement \u00e0 cr\u00e9er des histoires enchant\u00e9es. <\/span><\/p>\t\t\t\t\t\t\t\t<\/div>\n\t\t\t\t<\/div>\n\t\t\t\t<\/div>\n\t\t\t\t<\/div>\n\t\t<div class=\"elementor-element elementor-element-a34812e e-flex e-con-boxed e-con e-parent\" data-id=\"a34812e\" data-element_type=\"container\" data-settings=\"{&quot;background_background&quot;:&quot;classic&quot;}\">\n\t\t\t\t\t<div class=\"e-con-inner\">\n\t\t<div class=\"elementor-element elementor-element-453e094 e-con-full e-flex e-con e-child\" data-id=\"453e094\" data-element_type=\"container\">\n\t\t\t\t<div class=\"elementor-element elementor-element-6c87565 elementor-widget elementor-widget-heading\" data-id=\"6c87565\" data-element_type=\"widget\" data-widget_type=\"heading.default\">\n\t\t\t\t<div class=\"elementor-widget-container\">\n\t\t\t\t\t<h2 class=\"elementor-heading-title elementor-size-default\">Un pass\u00e9 brumeux<\/h2>\t\t\t\t<\/div>\n\t\t\t\t<\/div>\n\t\t\t\t<div class=\"elementor-element elementor-element-57cdff7 elementor-widget elementor-widget-text-editor\" data-id=\"57cdff7\" data-element_type=\"widget\" data-widget_type=\"text-editor.default\">\n\t\t\t\t<div class=\"elementor-widget-container\">\n\t\t\t\t\t\t\t\t\t<p><span style=\"font-weight: 400;\">\u00a0<\/span><\/p><p>Je puise le pouvoir de ma magie dans des forces incommensurables telles que l\u2019imagination, le r\u00eave, l\u2019exp\u00e9rience, les traumas et la cr\u00e9ativit\u00e9. J\u2019incarne avec passion l\u2019engagement envers la cr\u00e9ation de pi\u00e8ces uniques qui r\u00e9sonnent avec l\u2019individualit\u00e9 de chacun.\u00a0<\/p><p data-start=\"178\" data-end=\"683\">Je suis une grande r\u00eaveuse, hypersensible, qui a trouv\u00e9 dans la cr\u00e9ation une fa\u00e7on d\u2019apaiser mes \u00e9motions et de donner du sens \u00e0 mon quotidien handicap\u00e9 par la douleur. Derri\u00e8re chaque <a href=\"https:\/\/wattyland.fr\/les-toiles\/\">toile<\/a>, chaque <a href=\"https:\/\/wattyland.fr\/les-bijoux\/\">bijou<\/a>, chaque <a href=\"https:\/\/wattyland.fr\/les-maquettes\/\">diorama<\/a>, il y a un morceau de mon histoire et de mon imaginaire. <strong data-start=\"432\" data-end=\"451\">\u00c0 propos de moi<\/strong>, c\u2019est l\u2019envie de transformer mes maux en douceur, mes fragilit\u00e9s en beaut\u00e9.\u00a0<\/p><p data-start=\"178\" data-end=\"683\">Wattyland, c\u2019est mon refuge, mais aussi une invitation \u00e0 entrer dans mon univers, un endroit o\u00f9 l\u2019art devient un langage du c\u0153ur, simple et sinc\u00e8re.<\/p><p><span style=\"font-weight: 400;\">J\u2019encourage chaque \u00eatre \u00e0 explorer ses songes les plus profonds et \u00e0 les partager, car c\u2019est dans la diversit\u00e9 des id\u00e9es que la magie de Wattyland prend toute son ampleur. Je vous en dirais bient\u00f4t plus \u00e0 propos de moi et de mon univers. Un peu de patience\u2026<\/span><\/p>\t\t\t\t\t\t\t\t<\/div>\n\t\t\t\t<\/div>\n\t\t\t\t<\/div>\n\t\t\t\t<div class=\"elementor-element elementor-element-a86cfa8 elementor-widget elementor-widget-image\" data-id=\"a86cfa8\" data-element_type=\"widget\" data-widget_type=\"image.default\">\n\t\t\t\t<div class=\"elementor-widget-container\">\n\t\t\t\t\t\t\t\t\t\t\t\t\t\t\t<img decoding=\"async\" width=\"772\" height=\"1024\" src=\"https:\/\/wattyland.fr\/wp-content\/uploads\/2023\/12\/Wattyland-accueil-a-propos-772x1024.jpg\" class=\"attachment-large size-large wp-image-58\" alt=\"\" srcset=\"https:\/\/wattyland.fr\/wp-content\/uploads\/2023\/12\/Wattyland-accueil-a-propos-772x1024.jpg 772w, https:\/\/wattyland.fr\/wp-content\/uploads\/2023\/12\/Wattyland-accueil-a-propos-600x796.jpg 600w, https:\/\/wattyland.fr\/wp-content\/uploads\/2023\/12\/Wattyland-accueil-a-propos-226x300.jpg 226w, https:\/\/wattyland.fr\/wp-content\/uploads\/2023\/12\/Wattyland-accueil-a-propos-768x1019.jpg 768w, https:\/\/wattyland.fr\/wp-content\/uploads\/2023\/12\/Wattyland-accueil-a-propos.jpg 1080w\" sizes=\"(max-width: 772px) 100vw, 772px\" \/>\t\t\t\t\t\t\t\t\t\t\t\t\t\t\t<\/div>\n\t\t\t\t<\/div>\n\t\t\t\t\t<\/div>\n\t\t\t\t<\/div>\n\t\t<div class=\"elementor-element elementor-element-282cf39 e-flex e-con-boxed e-con e-parent\" data-id=\"282cf39\" data-element_type=\"container\" data-settings=\"{&quot;background_background&quot;:&quot;classic&quot;}\">\n\t\t\t\t\t<div class=\"e-con-inner\">\n\t\t\t\t<div class=\"elementor-element elementor-element-8174166 elementor-widget elementor-widget-image\" data-id=\"8174166\" data-element_type=\"widget\" data-widget_type=\"image.default\">\n\t\t\t\t<div class=\"elementor-widget-container\">\n\t\t\t\t\t\t\t\t\t\t\t\t\t\t\t<img loading=\"lazy\" decoding=\"async\" width=\"300\" height=\"300\" src=\"https:\/\/wattyland.fr\/wp-content\/uploads\/2025\/09\/IMG_20250706_141531-1-300x300.png\" class=\"attachment-medium size-medium wp-image-1093\" alt=\"\" srcset=\"https:\/\/wattyland.fr\/wp-content\/uploads\/2025\/09\/IMG_20250706_141531-1-300x300.png 300w, https:\/\/wattyland.fr\/wp-content\/uploads\/2025\/09\/IMG_20250706_141531-1-100x100.png 100w, https:\/\/wattyland.fr\/wp-content\/uploads\/2025\/09\/IMG_20250706_141531-1-600x600.png 600w, https:\/\/wattyland.fr\/wp-content\/uploads\/2025\/09\/IMG_20250706_141531-1-1024x1024.png 1024w, https:\/\/wattyland.fr\/wp-content\/uploads\/2025\/09\/IMG_20250706_141531-1-150x150.png 150w, https:\/\/wattyland.fr\/wp-content\/uploads\/2025\/09\/IMG_20250706_141531-1-768x768.png 768w, https:\/\/wattyland.fr\/wp-content\/uploads\/2025\/09\/IMG_20250706_141531-1.png 1080w\" sizes=\"(max-width: 300px) 100vw, 300px\" \/>\t\t\t\t\t\t\t\t\t\t\t\t\t\t\t<\/div>\n\t\t\t\t<\/div>\n\t\t\t\t<div class=\"elementor-element elementor-element-635309a elementor-widget elementor-widget-text-editor\" data-id=\"635309a\" data-element_type=\"widget\" data-widget_type=\"text-editor.default\">\n\t\t\t\t<div class=\"elementor-widget-container\">\n\t\t\t\t\t\t\t\t\t<p>Patate avec des bras.<\/p>\t\t\t\t\t\t\t\t<\/div>\n\t\t\t\t<\/div>\n\t\t\t\t\t<\/div>\n\t\t\t\t<\/div>\n\t\t\t\t<\/div>\n\t\t","protected":false},"excerpt":{"rendered":"<p>\u00c0 propos de moi \u00c0 propos d&rsquo;une cr\u00e9atrice d&rsquo;\u00e9motions En tant que gardienne de ce royaume artistique, mon r\u00f4le est de vous guider \u00e0 travers mon univers et de vous en dire un peu plus \u00e0 propos de moi.\u00a0 Mon nom est Wateka et ceci est mon royaume. Ma mission consiste \u00e0 exaucer vos souhaits [&hellip;]<\/p>\n","protected":false},"author":1,"featured_media":0,"parent":0,"menu_order":0,"comment_status":"closed","ping_status":"closed","template":"","meta":{"footnotes":""},"class_list":["post-155","page","type-page","status-publish","hentry"],"yoast_head":"<!-- This site is optimized with the Yoast SEO plugin v25.8 - https:\/\/yoast.com\/wordpress\/plugins\/seo\/ -->\n<title>\u00c0 propos de moi - Wattyland \u00c0 propos de moi \u2013 L\u2019univers de Wateka<\/title>\n<meta name=\"description\" content=\"\u00c0 propos de Wateka : d\u00e9couvrez l\u2019histoire derri\u00e8re Wattyland, un petit monde rempli de po\u00e9sie, de douceur et de cr\u00e9ations uniques.\" \/>\n<meta name=\"robots\" content=\"index, follow, max-snippet:-1, max-image-preview:large, max-video-preview:-1\" \/>\n<link rel=\"canonical\" href=\"https:\/\/wattyland.fr\/index.php\/a-propos-de-moi\/\" \/>\n<meta property=\"og:locale\" content=\"fr_FR\" \/>\n<meta property=\"og:type\" content=\"article\" \/>\n<meta property=\"og:title\" content=\"\u00c0 propos de moi - Wattyland \u00c0 propos de moi \u2013 L\u2019univers de Wateka\" \/>\n<meta property=\"og:description\" content=\"\u00c0 propos de Wateka : d\u00e9couvrez l\u2019histoire derri\u00e8re Wattyland, un petit monde rempli de po\u00e9sie, de douceur et de cr\u00e9ations uniques.\" \/>\n<meta property=\"og:url\" content=\"https:\/\/wattyland.fr\/index.php\/a-propos-de-moi\/\" \/>\n<meta property=\"og:site_name\" content=\"Wattyland\" \/>\n<meta property=\"article:publisher\" content=\"https:\/\/www.facebook.com\/profile.php?id=100092278305845\" \/>\n<meta property=\"article:modified_time\" content=\"2025-09-02T17:05:49+00:00\" \/>\n<meta property=\"og:image\" content=\"http:\/\/wattyland.fr\/wp-content\/uploads\/2025\/09\/IMG_20231007_175035_791-245x300.png\" \/>\n<meta name=\"twitter:card\" content=\"summary_large_image\" \/>\n<meta name=\"twitter:label1\" content=\"Dur\u00e9e de lecture estim\u00e9e\" \/>\n\t<meta name=\"twitter:data1\" content=\"2 minutes\" \/>\n<script type=\"application\/ld+json\" class=\"yoast-schema-graph\">{\"@context\":\"https:\/\/schema.org\",\"@graph\":[{\"@type\":\"WebPage\",\"@id\":\"https:\/\/wattyland.fr\/index.php\/a-propos-de-moi\/\",\"url\":\"https:\/\/wattyland.fr\/index.php\/a-propos-de-moi\/\",\"name\":\"\u00c0 propos de moi - Wattyland \u00c0 propos de moi \u2013 L\u2019univers de Wateka\",\"isPartOf\":{\"@id\":\"https:\/\/wattyland.fr\/#website\"},\"primaryImageOfPage\":{\"@id\":\"https:\/\/wattyland.fr\/index.php\/a-propos-de-moi\/#primaryimage\"},\"image\":{\"@id\":\"https:\/\/wattyland.fr\/index.php\/a-propos-de-moi\/#primaryimage\"},\"thumbnailUrl\":\"http:\/\/wattyland.fr\/wp-content\/uploads\/2025\/09\/IMG_20231007_175035_791-245x300.png\",\"datePublished\":\"2023-12-01T21:41:55+00:00\",\"dateModified\":\"2025-09-02T17:05:49+00:00\",\"description\":\"\u00c0 propos de Wateka : d\u00e9couvrez l\u2019histoire derri\u00e8re Wattyland, un petit monde rempli de po\u00e9sie, de douceur et de cr\u00e9ations uniques.\",\"breadcrumb\":{\"@id\":\"https:\/\/wattyland.fr\/index.php\/a-propos-de-moi\/#breadcrumb\"},\"inLanguage\":\"fr-FR\",\"potentialAction\":[{\"@type\":\"ReadAction\",\"target\":[\"https:\/\/wattyland.fr\/index.php\/a-propos-de-moi\/\"]}]},{\"@type\":\"ImageObject\",\"inLanguage\":\"fr-FR\",\"@id\":\"https:\/\/wattyland.fr\/index.php\/a-propos-de-moi\/#primaryimage\",\"url\":\"https:\/\/wattyland.fr\/wp-content\/uploads\/2025\/09\/IMG_20231007_175035_791.png\",\"contentUrl\":\"https:\/\/wattyland.fr\/wp-content\/uploads\/2025\/09\/IMG_20231007_175035_791.png\",\"width\":1080,\"height\":1321},{\"@type\":\"BreadcrumbList\",\"@id\":\"https:\/\/wattyland.fr\/index.php\/a-propos-de-moi\/#breadcrumb\",\"itemListElement\":[{\"@type\":\"ListItem\",\"position\":1,\"name\":\"Accueil\",\"item\":\"https:\/\/wattyland.fr\/\"},{\"@type\":\"ListItem\",\"position\":2,\"name\":\"\u00c0 propos de moi\"}]},{\"@type\":\"WebSite\",\"@id\":\"https:\/\/wattyland.fr\/#website\",\"url\":\"https:\/\/wattyland.fr\/\",\"name\":\"Wattyland\",\"description\":\"Le petit monde de Wateka\",\"publisher\":{\"@id\":\"https:\/\/wattyland.fr\/#organization\"},\"potentialAction\":[{\"@type\":\"SearchAction\",\"target\":{\"@type\":\"EntryPoint\",\"urlTemplate\":\"https:\/\/wattyland.fr\/?s={search_term_string}\"},\"query-input\":{\"@type\":\"PropertyValueSpecification\",\"valueRequired\":true,\"valueName\":\"search_term_string\"}}],\"inLanguage\":\"fr-FR\"},{\"@type\":\"Organization\",\"@id\":\"https:\/\/wattyland.fr\/#organization\",\"name\":\"Wateka\",\"url\":\"https:\/\/wattyland.fr\/\",\"logo\":{\"@type\":\"ImageObject\",\"inLanguage\":\"fr-FR\",\"@id\":\"https:\/\/wattyland.fr\/#\/schema\/logo\/image\/\",\"url\":\"https:\/\/wattyland.fr\/wp-content\/uploads\/2023\/12\/Generated-Image-August-31-2025-2_07AM.png\",\"contentUrl\":\"https:\/\/wattyland.fr\/wp-content\/uploads\/2023\/12\/Generated-Image-August-31-2025-2_07AM.png\",\"width\":1024,\"height\":1024,\"caption\":\"Wateka\"},\"image\":{\"@id\":\"https:\/\/wattyland.fr\/#\/schema\/logo\/image\/\"},\"sameAs\":[\"https:\/\/www.facebook.com\/profile.php?id=100092278305845\",\"https:\/\/www.instagram.com\/wateka34?utm_source=ig_contact_invite\"]}]}<\/script>\n<!-- \/ Yoast SEO plugin. -->","yoast_head_json":{"title":"\u00c0 propos de moi - Wattyland \u00c0 propos de moi \u2013 L\u2019univers de Wateka","description":"\u00c0 propos de Wateka : d\u00e9couvrez l\u2019histoire derri\u00e8re Wattyland, un petit monde rempli de po\u00e9sie, de douceur et de cr\u00e9ations uniques.","robots":{"index":"index","follow":"follow","max-snippet":"max-snippet:-1","max-image-preview":"max-image-preview:large","max-video-preview":"max-video-preview:-1"},"canonical":"https:\/\/wattyland.fr\/index.php\/a-propos-de-moi\/","og_locale":"fr_FR","og_type":"article","og_title":"\u00c0 propos de moi - Wattyland \u00c0 propos de moi \u2013 L\u2019univers de Wateka","og_description":"\u00c0 propos de Wateka : d\u00e9couvrez l\u2019histoire derri\u00e8re Wattyland, un petit monde rempli de po\u00e9sie, de douceur et de cr\u00e9ations uniques.","og_url":"https:\/\/wattyland.fr\/index.php\/a-propos-de-moi\/","og_site_name":"Wattyland","article_publisher":"https:\/\/www.facebook.com\/profile.php?id=100092278305845","article_modified_time":"2025-09-02T17:05:49+00:00","og_image":[{"url":"http:\/\/wattyland.fr\/wp-content\/uploads\/2025\/09\/IMG_20231007_175035_791-245x300.png","type":"","width":"","height":""}],"twitter_card":"summary_large_image","twitter_misc":{"Dur\u00e9e de lecture estim\u00e9e":"2 minutes"},"schema":{"@context":"https:\/\/schema.org","@graph":[{"@type":"WebPage","@id":"https:\/\/wattyland.fr\/index.php\/a-propos-de-moi\/","url":"https:\/\/wattyland.fr\/index.php\/a-propos-de-moi\/","name":"\u00c0 propos de moi - Wattyland \u00c0 propos de moi \u2013 L\u2019univers de Wateka","isPartOf":{"@id":"https:\/\/wattyland.fr\/#website"},"primaryImageOfPage":{"@id":"https:\/\/wattyland.fr\/index.php\/a-propos-de-moi\/#primaryimage"},"image":{"@id":"https:\/\/wattyland.fr\/index.php\/a-propos-de-moi\/#primaryimage"},"thumbnailUrl":"http:\/\/wattyland.fr\/wp-content\/uploads\/2025\/09\/IMG_20231007_175035_791-245x300.png","datePublished":"2023-12-01T21:41:55+00:00","dateModified":"2025-09-02T17:05:49+00:00","description":"\u00c0 propos de Wateka : d\u00e9couvrez l\u2019histoire derri\u00e8re Wattyland, un petit monde rempli de po\u00e9sie, de douceur et de cr\u00e9ations uniques.","breadcrumb":{"@id":"https:\/\/wattyland.fr\/index.php\/a-propos-de-moi\/#breadcrumb"},"inLanguage":"fr-FR","potentialAction":[{"@type":"ReadAction","target":["https:\/\/wattyland.fr\/index.php\/a-propos-de-moi\/"]}]},{"@type":"ImageObject","inLanguage":"fr-FR","@id":"https:\/\/wattyland.fr\/index.php\/a-propos-de-moi\/#primaryimage","url":"https:\/\/wattyland.fr\/wp-content\/uploads\/2025\/09\/IMG_20231007_175035_791.png","contentUrl":"https:\/\/wattyland.fr\/wp-content\/uploads\/2025\/09\/IMG_20231007_175035_791.png","width":1080,"height":1321},{"@type":"BreadcrumbList","@id":"https:\/\/wattyland.fr\/index.php\/a-propos-de-moi\/#breadcrumb","itemListElement":[{"@type":"ListItem","position":1,"name":"Accueil","item":"https:\/\/wattyland.fr\/"},{"@type":"ListItem","position":2,"name":"\u00c0 propos de moi"}]},{"@type":"WebSite","@id":"https:\/\/wattyland.fr\/#website","url":"https:\/\/wattyland.fr\/","name":"Wattyland","description":"Le petit monde de Wateka","publisher":{"@id":"https:\/\/wattyland.fr\/#organization"},"potentialAction":[{"@type":"SearchAction","target":{"@type":"EntryPoint","urlTemplate":"https:\/\/wattyland.fr\/?s={search_term_string}"},"query-input":{"@type":"PropertyValueSpecification","valueRequired":true,"valueName":"search_term_string"}}],"inLanguage":"fr-FR"},{"@type":"Organization","@id":"https:\/\/wattyland.fr\/#organization","name":"Wateka","url":"https:\/\/wattyland.fr\/","logo":{"@type":"ImageObject","inLanguage":"fr-FR","@id":"https:\/\/wattyland.fr\/#\/schema\/logo\/image\/","url":"https:\/\/wattyland.fr\/wp-content\/uploads\/2023\/12\/Generated-Image-August-31-2025-2_07AM.png","contentUrl":"https:\/\/wattyland.fr\/wp-content\/uploads\/2023\/12\/Generated-Image-August-31-2025-2_07AM.png","width":1024,"height":1024,"caption":"Wateka"},"image":{"@id":"https:\/\/wattyland.fr\/#\/schema\/logo\/image\/"},"sameAs":["https:\/\/www.facebook.com\/profile.php?id=100092278305845","https:\/\/www.instagram.com\/wateka34?utm_source=ig_contact_invite"]}]}},"_links":{"self":[{"href":"https:\/\/wattyland.fr\/index.php\/wp-json\/wp\/v2\/pages\/155","targetHints":{"allow":["GET"]}}],"collection":[{"href":"https:\/\/wattyland.fr\/index.php\/wp-json\/wp\/v2\/pages"}],"about":[{"href":"https:\/\/wattyland.fr\/index.php\/wp-json\/wp\/v2\/types\/page"}],"author":[{"embeddable":true,"href":"https:\/\/wattyland.fr\/index.php\/wp-json\/wp\/v2\/users\/1"}],"replies":[{"embeddable":true,"href":"https:\/\/wattyland.fr\/index.php\/wp-json\/wp\/v2\/comments?post=155"}],"version-history":[{"count":118,"href":"https:\/\/wattyland.fr\/index.php\/wp-json\/wp\/v2\/pages\/155\/revisions"}],"predecessor-version":[{"id":1464,"href":"https:\/\/wattyland.fr\/index.php\/wp-json\/wp\/v2\/pages\/155\/revisions\/1464"}],"wp:attachment":[{"href":"https:\/\/wattyland.fr\/index.php\/wp-json\/wp\/v2\/media?parent=155"}],"curies":[{"name":"wp","href":"https:\/\/api.w.org\/{rel}","templated":true}]}}