{"id":234,"date":"2023-12-02T07:47:54","date_gmt":"2023-12-02T06:47:54","guid":{"rendered":"https:\/\/wattyland.fr\/?page_id=234"},"modified":"2025-09-02T18:44:05","modified_gmt":"2025-09-02T16:44:05","slug":"mentions-legales","status":"publish","type":"page","link":"https:\/\/wattyland.fr\/index.php\/mentions-legales\/","title":{"rendered":"Mentions l\u00e9gales"},"content":{"rendered":"\t\t<div data-elementor-type=\"wp-page\" data-elementor-id=\"234\" class=\"elementor elementor-234\">\n\t\t\t\t<div class=\"elementor-element elementor-element-d0be119 e-flex e-con-boxed e-con e-parent\" data-id=\"d0be119\" data-element_type=\"container\" data-settings=\"{&quot;background_background&quot;:&quot;classic&quot;}\">\n\t\t\t\t\t<div class=\"e-con-inner\">\n\t\t\t\t<div class=\"elementor-element elementor-element-dc674f0 elementor-widget elementor-widget-heading\" data-id=\"dc674f0\" data-element_type=\"widget\" data-widget_type=\"heading.default\">\n\t\t\t\t<div class=\"elementor-widget-container\">\n\t\t\t\t\t<h1 class=\"elementor-heading-title elementor-size-default\">Mentions l\u00e9gales de Wattyland<\/h1>\t\t\t\t<\/div>\n\t\t\t\t<\/div>\n\t\t<div class=\"elementor-element elementor-element-6faf117 e-con-full e-flex e-con e-child\" data-id=\"6faf117\" data-element_type=\"container\">\n\t\t\t\t<div class=\"elementor-element elementor-element-f97020d elementor-widget elementor-widget-image\" data-id=\"f97020d\" data-element_type=\"widget\" data-widget_type=\"image.default\">\n\t\t\t\t<div class=\"elementor-widget-container\">\n\t\t\t\t\t\t\t\t\t\t\t\t\t\t\t<img fetchpriority=\"high\" decoding=\"async\" width=\"300\" height=\"300\" src=\"https:\/\/wattyland.fr\/wp-content\/uploads\/2025\/09\/IMG_20241230_094110_178-300x300.png\" class=\"attachment-medium size-medium wp-image-1430\" alt=\"\" srcset=\"https:\/\/wattyland.fr\/wp-content\/uploads\/2025\/09\/IMG_20241230_094110_178-300x300.png 300w, https:\/\/wattyland.fr\/wp-content\/uploads\/2025\/09\/IMG_20241230_094110_178-100x100.png 100w, https:\/\/wattyland.fr\/wp-content\/uploads\/2025\/09\/IMG_20241230_094110_178-600x600.png 600w, https:\/\/wattyland.fr\/wp-content\/uploads\/2025\/09\/IMG_20241230_094110_178-1024x1024.png 1024w, https:\/\/wattyland.fr\/wp-content\/uploads\/2025\/09\/IMG_20241230_094110_178-150x150.png 150w, https:\/\/wattyland.fr\/wp-content\/uploads\/2025\/09\/IMG_20241230_094110_178-768x768.png 768w, https:\/\/wattyland.fr\/wp-content\/uploads\/2025\/09\/IMG_20241230_094110_178.png 1440w\" sizes=\"(max-width: 300px) 100vw, 300px\" \/>\t\t\t\t\t\t\t\t\t\t\t\t\t\t\t<\/div>\n\t\t\t\t<\/div>\n\t\t\t\t<\/div>\n\t\t\t\t<div class=\"elementor-element elementor-element-1f9516f elementor-widget elementor-widget-text-editor\" data-id=\"1f9516f\" data-element_type=\"widget\" data-widget_type=\"text-editor.default\">\n\t\t\t\t<div class=\"elementor-widget-container\">\n\t\t\t\t\t\t\t\t\t<h2 data-start=\"871\" data-end=\"893\">1. Mentions l\u00e9gales d&rsquo;\u00e9dition du site du site<\/h2><p data-start=\"896\" data-end=\"925\"><strong data-start=\"896\" data-end=\"913\">Nom du site :<\/strong> Wattyland<\/p><p data-start=\"928\" data-end=\"989\"><strong data-start=\"928\" data-end=\"963\">Responsable de la publication :<\/strong> Entreprise L&rsquo;encre du Web<\/p><div id=\"jw-element-162798330\" class=\"jw-tree-node jw-element jw-image-text\" style=\"scroll-margin: 30px 0px; margin-bottom: 0px; margin-top: 0px; overflow-wrap: break-word; -webkit-tap-highlight-color: rgba(0, 0, 0, 0); cursor: auto; width: 980px; position: relative; color: #737373; font-family: Merriweather, 'serif'; font-size: 17px; text-align: start; background-color: #ffffff;\" data-jw-element-id=\"162798330\"><div class=\"jw-element-imagetext-text\" style=\"scroll-margin-top: 0px; min-width: 4em;\"><p style=\"scroll-margin-top: 0px; margin-top: 0px; margin-bottom: 0.4em;\"><span style=\"scroll-margin-top: 0px; font-weight: bold;\"><span style=\"scroll-margin-top: 0px; color: #424242;\"><a style=\"scroll-margin-top: 0px; background-image: initial; background-position: initial; background-size: initial; background-repeat: initial; background-attachment: initial; background-origin: initial; background-clip: initial; -webkit-tap-highlight-color: transparent;\" href=\"https:\/\/www.lencre-du-web.fr\/\" data-jwlink-type=\"extern\" data-jwlink-identifier=\"https:\/\/www.lencre-du-web.fr\/\" data-jwlink-title=\"https:\/\/www.lencre-du-web.fr\/\">L&rsquo;encre du Web<\/a>\u00a0&#8211;\u00a0<\/span><\/span><span style=\"scroll-margin-top: 0px; color: #424242;\">entreprise individuelle<\/span><\/p><\/div><\/div><div id=\"jw-element-162798227\" class=\"jw-tree-node jw-element jw-image-text jw-node-is-last-child\" style=\"scroll-margin: 30px 0px; margin-top: 0px; overflow-wrap: break-word; -webkit-tap-highlight-color: rgba(0, 0, 0, 0); cursor: auto; width: 980px; position: relative; color: #737373; font-family: Merriweather, 'serif'; font-size: 17px; text-align: start; background-color: #ffffff; margin-bottom: 0px !important;\" data-jw-element-id=\"162798227\"><div class=\"jw-element-imagetext-text\" style=\"scroll-margin-top: 0px; min-width: 4em;\"><p style=\"scroll-margin-top: 0px; margin-top: 0px; margin-bottom: 0px;\">Siret :\u00a0<span style=\"scroll-margin-top: 0px; margin-bottom: 0px;\">91328850200010<\/span><\/p><\/div><\/div><p data-start=\"1034\" data-end=\"1068\"><strong data-start=\"1034\" data-end=\"1045\">Email :<\/strong> <a class=\"decorated-link cursor-pointer\" rel=\"noopener\" data-start=\"1046\" data-end=\"1066\">lencreduweb.redaction@gmail.com<\/a><\/p><h2 data-start=\"1110\" data-end=\"1128\">2. H\u00e9bergement<\/h2><p data-start=\"1131\" data-end=\"1169\"><strong data-start=\"1131\" data-end=\"1146\">H\u00e9bergeur :<\/strong> OVH<\/p><h2 data-start=\"1258\" data-end=\"1289\">3. Propri\u00e9t\u00e9 intellectuelle<\/h2><p data-start=\"1290\" data-end=\"1601\">Tous les contenus pr\u00e9sents sur ce site (textes, images, vid\u00e9os, cr\u00e9ations, logos, design) sont <strong data-start=\"1385\" data-end=\"1450\">prot\u00e9g\u00e9s par le droit d\u2019auteur et la propri\u00e9t\u00e9 intellectuelle<\/strong>.<br data-start=\"1451\" data-end=\"1454\" \/>Toute reproduction, diffusion ou exploitation partielle ou totale des contenus sans autorisation \u00e9crite de <strong data-start=\"1561\" data-end=\"1574\">L&rsquo;encre du Web<\/strong> est strictement interdite.<\/p><h2 data-start=\"1603\" data-end=\"1643\">4. Collecte des donn\u00e9es personnelles<\/h2><p data-start=\"1644\" data-end=\"1708\">Nous collectons uniquement les informations n\u00e9cessaires pour :<\/p><p data-start=\"1711\" data-end=\"1735\">traiter vos commandes,<\/p><p data-start=\"1738\" data-end=\"1793\">r\u00e9pondre \u00e0 vos demandes via le formulaire de contact,<\/p><p data-start=\"1796\" data-end=\"1846\">envoyer des newsletters si vous y avez consenti.<\/p><p data-start=\"1848\" data-end=\"2054\">Conform\u00e9ment au <strong data-start=\"1864\" data-end=\"1872\">RGPD<\/strong>, vous disposez d\u2019un droit d\u2019acc\u00e8s, de modification, de rectification et de suppression de vos donn\u00e9es personnelles. Pour exercer ce droit, contactez-nous \u00e0 <strong data-start=\"2029\" data-end=\"2053\"><a class=\"decorated-link cursor-pointer\" rel=\"noopener\" data-start=\"2031\" data-end=\"2051\">lencreduweb.redaction@gmail.com<\/a><\/strong>.<\/p><h2 data-start=\"2056\" data-end=\"2070\">5. Cookies<\/h2><p data-start=\"2071\" data-end=\"2242\">Ce site utilise des cookies pour am\u00e9liorer votre exp\u00e9rience et mesurer l\u2019audience. Vous pouvez g\u00e9rer vos pr\u00e9f\u00e9rences via votre navigateur.<\/p><h2 data-start=\"2244\" data-end=\"2265\">6. Responsabilit\u00e9<\/h2><p data-start=\"2266\" data-end=\"2552\">Wattyland s\u2019efforce de fournir des informations exactes et \u00e0 jour. Cependant, <strong data-start=\"2344\" data-end=\"2412\">nous ne pouvons \u00eatre tenus responsables des erreurs ou omissions<\/strong> sur le site. Ces mentions l\u00e9gales en font acte.<br data-start=\"2425\" data-end=\"2428\" \/>La responsabilit\u00e9 de Wattyland ne peut \u00eatre engag\u00e9e en cas de dommages directs ou indirects li\u00e9s \u00e0 l\u2019utilisation de ce site.<\/p><h2 data-start=\"2554\" data-end=\"2596\">7. Conditions g\u00e9n\u00e9rales de vente (CGV) et mentions l\u00e9gales de vente<\/h2><p>Pour les commandes de cr\u00e9ations artisanales, veuillez consulter nos <a class=\"decorated-link\" href=\"https:\/\/wattyland.fr\/CGV\/\" rel=\"noopener\" data-start=\"2667\" data-end=\"2701\">Conditions G\u00e9n\u00e9rales de Vente<\/a>. Elles pr\u00e9cisent les modalit\u00e9s de paiement, livraison, retours et garanties.<\/p><h2 data-start=\"2782\" data-end=\"2803\">8. Liens externes<\/h2><p data-start=\"2804\" data-end=\"2951\">Les liens vers d\u2019autres sites sont fournis \u00e0 titre informatif. Wattyland <strong data-start=\"2877\" data-end=\"2911\">n\u2019assume aucune responsabilit\u00e9<\/strong> quant au contenu de ces sites externes.<\/p>\t\t\t\t\t\t\t\t<\/div>\n\t\t\t\t<\/div>\n\t\t\t\t\t<\/div>\n\t\t\t\t<\/div>\n\t\t<div class=\"elementor-element elementor-element-51be0f4 e-flex e-con-boxed e-con e-parent\" data-id=\"51be0f4\" data-element_type=\"container\" data-settings=\"{&quot;background_background&quot;:&quot;classic&quot;}\">\n\t\t\t\t\t<div class=\"e-con-inner\">\n\t\t\t\t\t<\/div>\n\t\t\t\t<\/div>\n\t\t\t\t<\/div>\n\t\t","protected":false},"excerpt":{"rendered":"<p>Mentions l\u00e9gales de Wattyland 1. Mentions l\u00e9gales d&rsquo;\u00e9dition du site du site Nom du site : Wattyland Responsable de la publication : Entreprise L&rsquo;encre du Web L&rsquo;encre du Web\u00a0&#8211;\u00a0entreprise individuelle Siret :\u00a091328850200010 Email : lencreduweb.redaction@gmail.com 2. H\u00e9bergement H\u00e9bergeur : OVH 3. Propri\u00e9t\u00e9 intellectuelle Tous les contenus pr\u00e9sents sur ce site (textes, images, vid\u00e9os, cr\u00e9ations, logos, [&hellip;]<\/p>\n","protected":false},"author":1,"featured_media":0,"parent":0,"menu_order":0,"comment_status":"closed","ping_status":"closed","template":"","meta":{"footnotes":""},"class_list":["post-234","page","type-page","status-publish","hentry"],"yoast_head":"<!-- This site is optimized with the Yoast SEO plugin v25.8 - https:\/\/yoast.com\/wordpress\/plugins\/seo\/ -->\n<title>Mentions l\u00e9gales - Wattyland Mentions l\u00e9gales de Wattyland - cr\u00e9ation d&#039;art<\/title>\n<meta name=\"description\" content=\"Mentions l\u00e9gales du site internet Wattyland - boutique de cr\u00e9ations artisanales sur mesure - dioramas, toiles, bijoux personnalis\u00e9s\" \/>\n<meta name=\"robots\" content=\"index, follow, max-snippet:-1, max-image-preview:large, max-video-preview:-1\" \/>\n<link rel=\"canonical\" href=\"https:\/\/wattyland.fr\/index.php\/mentions-legales\/\" \/>\n<meta property=\"og:locale\" content=\"fr_FR\" \/>\n<meta property=\"og:type\" content=\"article\" \/>\n<meta property=\"og:title\" content=\"Mentions l\u00e9gales - Wattyland Mentions l\u00e9gales de Wattyland - cr\u00e9ation d&#039;art\" \/>\n<meta property=\"og:description\" content=\"Mentions l\u00e9gales du site internet Wattyland - boutique de cr\u00e9ations artisanales sur mesure - dioramas, toiles, bijoux personnalis\u00e9s\" \/>\n<meta property=\"og:url\" content=\"https:\/\/wattyland.fr\/index.php\/mentions-legales\/\" \/>\n<meta property=\"og:site_name\" content=\"Wattyland\" \/>\n<meta property=\"article:publisher\" content=\"https:\/\/www.facebook.com\/profile.php?id=100092278305845\" \/>\n<meta property=\"article:modified_time\" content=\"2025-09-02T16:44:05+00:00\" \/>\n<meta property=\"og:image\" content=\"http:\/\/wattyland.fr\/wp-content\/uploads\/2025\/09\/IMG_20241230_094110_178-300x300.png\" \/>\n<meta name=\"twitter:card\" content=\"summary_large_image\" \/>\n<meta name=\"twitter:label1\" content=\"Dur\u00e9e de lecture estim\u00e9e\" \/>\n\t<meta name=\"twitter:data1\" content=\"2 minutes\" \/>\n<script type=\"application\/ld+json\" class=\"yoast-schema-graph\">{\"@context\":\"https:\/\/schema.org\",\"@graph\":[{\"@type\":\"WebPage\",\"@id\":\"https:\/\/wattyland.fr\/index.php\/mentions-legales\/\",\"url\":\"https:\/\/wattyland.fr\/index.php\/mentions-legales\/\",\"name\":\"Mentions l\u00e9gales - Wattyland Mentions l\u00e9gales de Wattyland - cr\u00e9ation d'art\",\"isPartOf\":{\"@id\":\"https:\/\/wattyland.fr\/#website\"},\"primaryImageOfPage\":{\"@id\":\"https:\/\/wattyland.fr\/index.php\/mentions-legales\/#primaryimage\"},\"image\":{\"@id\":\"https:\/\/wattyland.fr\/index.php\/mentions-legales\/#primaryimage\"},\"thumbnailUrl\":\"http:\/\/wattyland.fr\/wp-content\/uploads\/2025\/09\/IMG_20241230_094110_178-300x300.png\",\"datePublished\":\"2023-12-02T06:47:54+00:00\",\"dateModified\":\"2025-09-02T16:44:05+00:00\",\"description\":\"Mentions l\u00e9gales du site internet Wattyland - boutique de cr\u00e9ations artisanales sur mesure - dioramas, toiles, bijoux personnalis\u00e9s\",\"breadcrumb\":{\"@id\":\"https:\/\/wattyland.fr\/index.php\/mentions-legales\/#breadcrumb\"},\"inLanguage\":\"fr-FR\",\"potentialAction\":[{\"@type\":\"ReadAction\",\"target\":[\"https:\/\/wattyland.fr\/index.php\/mentions-legales\/\"]}]},{\"@type\":\"ImageObject\",\"inLanguage\":\"fr-FR\",\"@id\":\"https:\/\/wattyland.fr\/index.php\/mentions-legales\/#primaryimage\",\"url\":\"https:\/\/wattyland.fr\/wp-content\/uploads\/2025\/09\/IMG_20241230_094110_178.png\",\"contentUrl\":\"https:\/\/wattyland.fr\/wp-content\/uploads\/2025\/09\/IMG_20241230_094110_178.png\",\"width\":1440,\"height\":1440},{\"@type\":\"BreadcrumbList\",\"@id\":\"https:\/\/wattyland.fr\/index.php\/mentions-legales\/#breadcrumb\",\"itemListElement\":[{\"@type\":\"ListItem\",\"position\":1,\"name\":\"Accueil\",\"item\":\"https:\/\/wattyland.fr\/\"},{\"@type\":\"ListItem\",\"position\":2,\"name\":\"Mentions l\u00e9gales\"}]},{\"@type\":\"WebSite\",\"@id\":\"https:\/\/wattyland.fr\/#website\",\"url\":\"https:\/\/wattyland.fr\/\",\"name\":\"Wattyland\",\"description\":\"Le petit monde de Wateka\",\"publisher\":{\"@id\":\"https:\/\/wattyland.fr\/#organization\"},\"potentialAction\":[{\"@type\":\"SearchAction\",\"target\":{\"@type\":\"EntryPoint\",\"urlTemplate\":\"https:\/\/wattyland.fr\/?s={search_term_string}\"},\"query-input\":{\"@type\":\"PropertyValueSpecification\",\"valueRequired\":true,\"valueName\":\"search_term_string\"}}],\"inLanguage\":\"fr-FR\"},{\"@type\":\"Organization\",\"@id\":\"https:\/\/wattyland.fr\/#organization\",\"name\":\"Wateka\",\"url\":\"https:\/\/wattyland.fr\/\",\"logo\":{\"@type\":\"ImageObject\",\"inLanguage\":\"fr-FR\",\"@id\":\"https:\/\/wattyland.fr\/#\/schema\/logo\/image\/\",\"url\":\"https:\/\/wattyland.fr\/wp-content\/uploads\/2023\/12\/Generated-Image-August-31-2025-2_07AM.png\",\"contentUrl\":\"https:\/\/wattyland.fr\/wp-content\/uploads\/2023\/12\/Generated-Image-August-31-2025-2_07AM.png\",\"width\":1024,\"height\":1024,\"caption\":\"Wateka\"},\"image\":{\"@id\":\"https:\/\/wattyland.fr\/#\/schema\/logo\/image\/\"},\"sameAs\":[\"https:\/\/www.facebook.com\/profile.php?id=100092278305845\",\"https:\/\/www.instagram.com\/wateka34?utm_source=ig_contact_invite\"]}]}<\/script>\n<!-- \/ Yoast SEO plugin. -->","yoast_head_json":{"title":"Mentions l\u00e9gales - Wattyland Mentions l\u00e9gales de Wattyland - cr\u00e9ation d'art","description":"Mentions l\u00e9gales du site internet Wattyland - boutique de cr\u00e9ations artisanales sur mesure - dioramas, toiles, bijoux personnalis\u00e9s","robots":{"index":"index","follow":"follow","max-snippet":"max-snippet:-1","max-image-preview":"max-image-preview:large","max-video-preview":"max-video-preview:-1"},"canonical":"https:\/\/wattyland.fr\/index.php\/mentions-legales\/","og_locale":"fr_FR","og_type":"article","og_title":"Mentions l\u00e9gales - Wattyland Mentions l\u00e9gales de Wattyland - cr\u00e9ation d'art","og_description":"Mentions l\u00e9gales du site internet Wattyland - boutique de cr\u00e9ations artisanales sur mesure - dioramas, toiles, bijoux personnalis\u00e9s","og_url":"https:\/\/wattyland.fr\/index.php\/mentions-legales\/","og_site_name":"Wattyland","article_publisher":"https:\/\/www.facebook.com\/profile.php?id=100092278305845","article_modified_time":"2025-09-02T16:44:05+00:00","og_image":[{"url":"http:\/\/wattyland.fr\/wp-content\/uploads\/2025\/09\/IMG_20241230_094110_178-300x300.png","type":"","width":"","height":""}],"twitter_card":"summary_large_image","twitter_misc":{"Dur\u00e9e de lecture estim\u00e9e":"2 minutes"},"schema":{"@context":"https:\/\/schema.org","@graph":[{"@type":"WebPage","@id":"https:\/\/wattyland.fr\/index.php\/mentions-legales\/","url":"https:\/\/wattyland.fr\/index.php\/mentions-legales\/","name":"Mentions l\u00e9gales - Wattyland Mentions l\u00e9gales de Wattyland - cr\u00e9ation d'art","isPartOf":{"@id":"https:\/\/wattyland.fr\/#website"},"primaryImageOfPage":{"@id":"https:\/\/wattyland.fr\/index.php\/mentions-legales\/#primaryimage"},"image":{"@id":"https:\/\/wattyland.fr\/index.php\/mentions-legales\/#primaryimage"},"thumbnailUrl":"http:\/\/wattyland.fr\/wp-content\/uploads\/2025\/09\/IMG_20241230_094110_178-300x300.png","datePublished":"2023-12-02T06:47:54+00:00","dateModified":"2025-09-02T16:44:05+00:00","description":"Mentions l\u00e9gales du site internet Wattyland - boutique de cr\u00e9ations artisanales sur mesure - dioramas, toiles, bijoux personnalis\u00e9s","breadcrumb":{"@id":"https:\/\/wattyland.fr\/index.php\/mentions-legales\/#breadcrumb"},"inLanguage":"fr-FR","potentialAction":[{"@type":"ReadAction","target":["https:\/\/wattyland.fr\/index.php\/mentions-legales\/"]}]},{"@type":"ImageObject","inLanguage":"fr-FR","@id":"https:\/\/wattyland.fr\/index.php\/mentions-legales\/#primaryimage","url":"https:\/\/wattyland.fr\/wp-content\/uploads\/2025\/09\/IMG_20241230_094110_178.png","contentUrl":"https:\/\/wattyland.fr\/wp-content\/uploads\/2025\/09\/IMG_20241230_094110_178.png","width":1440,"height":1440},{"@type":"BreadcrumbList","@id":"https:\/\/wattyland.fr\/index.php\/mentions-legales\/#breadcrumb","itemListElement":[{"@type":"ListItem","position":1,"name":"Accueil","item":"https:\/\/wattyland.fr\/"},{"@type":"ListItem","position":2,"name":"Mentions l\u00e9gales"}]},{"@type":"WebSite","@id":"https:\/\/wattyland.fr\/#website","url":"https:\/\/wattyland.fr\/","name":"Wattyland","description":"Le petit monde de Wateka","publisher":{"@id":"https:\/\/wattyland.fr\/#organization"},"potentialAction":[{"@type":"SearchAction","target":{"@type":"EntryPoint","urlTemplate":"https:\/\/wattyland.fr\/?s={search_term_string}"},"query-input":{"@type":"PropertyValueSpecification","valueRequired":true,"valueName":"search_term_string"}}],"inLanguage":"fr-FR"},{"@type":"Organization","@id":"https:\/\/wattyland.fr\/#organization","name":"Wateka","url":"https:\/\/wattyland.fr\/","logo":{"@type":"ImageObject","inLanguage":"fr-FR","@id":"https:\/\/wattyland.fr\/#\/schema\/logo\/image\/","url":"https:\/\/wattyland.fr\/wp-content\/uploads\/2023\/12\/Generated-Image-August-31-2025-2_07AM.png","contentUrl":"https:\/\/wattyland.fr\/wp-content\/uploads\/2023\/12\/Generated-Image-August-31-2025-2_07AM.png","width":1024,"height":1024,"caption":"Wateka"},"image":{"@id":"https:\/\/wattyland.fr\/#\/schema\/logo\/image\/"},"sameAs":["https:\/\/www.facebook.com\/profile.php?id=100092278305845","https:\/\/www.instagram.com\/wateka34?utm_source=ig_contact_invite"]}]}},"_links":{"self":[{"href":"https:\/\/wattyland.fr\/index.php\/wp-json\/wp\/v2\/pages\/234","targetHints":{"allow":["GET"]}}],"collection":[{"href":"https:\/\/wattyland.fr\/index.php\/wp-json\/wp\/v2\/pages"}],"about":[{"href":"https:\/\/wattyland.fr\/index.php\/wp-json\/wp\/v2\/types\/page"}],"author":[{"embeddable":true,"href":"https:\/\/wattyland.fr\/index.php\/wp-json\/wp\/v2\/users\/1"}],"replies":[{"embeddable":true,"href":"https:\/\/wattyland.fr\/index.php\/wp-json\/wp\/v2\/comments?post=234"}],"version-history":[{"count":41,"href":"https:\/\/wattyland.fr\/index.php\/wp-json\/wp\/v2\/pages\/234\/revisions"}],"predecessor-version":[{"id":1433,"href":"https:\/\/wattyland.fr\/index.php\/wp-json\/wp\/v2\/pages\/234\/revisions\/1433"}],"wp:attachment":[{"href":"https:\/\/wattyland.fr\/index.php\/wp-json\/wp\/v2\/media?parent=234"}],"curies":[{"name":"wp","href":"https:\/\/api.w.org\/{rel}","templated":true}]}}