{"id":1546,"date":"2026-01-23T14:45:31","date_gmt":"2026-01-23T13:45:31","guid":{"rendered":"https:\/\/wattyland.fr\/?post_type=product&#038;p=1546"},"modified":"2026-01-27T14:09:26","modified_gmt":"2026-01-27T13:09:26","slug":"bulle-le-petit-prince-et-le-renard","status":"publish","type":"product","link":"https:\/\/wattyland.fr\/index.php\/produit\/bulle-le-petit-prince-et-le-renard\/","title":{"rendered":"Bulle Le petit prince et le renard"},"content":{"rendered":"<p data-start=\"275\" data-end=\"350\"><strong data-start=\"275\" data-end=\"350\">Bulle Le Petit Prince \u2013 Une Cr\u00e9ation Artisanale Unique en P\u00e2te Polym\u00e8re<\/strong><\/p>\n<p data-start=\"352\" data-end=\"751\">Offrez-vous un morceau d&rsquo;enfance pr\u00e9serv\u00e9 gr\u00e2ce \u00e0 cette bulle inspir\u00e9e de l&rsquo;univers magique du Petit Prince. Chaque d\u00e9tail de cette \u0153uvre est minutieusement fa\u00e7onn\u00e9 \u00e0 la main, avec plus de 10 heures de travail d\u00e9di\u00e9es \u00e0 sa conception. Le diorama repr\u00e9sente le Petit Prince et son fid\u00e8le ami le renard, tous deux r\u00e9unis autour de la rose pr\u00e9cieuse qui symbolise l&rsquo;innocence et la puret\u00e9 de l&rsquo;enfance.<\/p>\n<p data-start=\"753\" data-end=\"1132\">Cette bulle Le Petit Prince n&rsquo;est pas seulement un objet d\u00e9coratif, mais un v\u00e9ritable hommage \u00e0 la beaut\u00e9 des souvenirs d&rsquo;enfance. Fabriqu\u00e9e en p\u00e2te polym\u00e8re, chaque cr\u00e9ation est unique et porte en elle la magie et l&rsquo;\u00e9merveillement propres \u00e0 l&rsquo;\u0153uvre d&rsquo;Antoine de Saint-Exup\u00e9ry. En l&rsquo;ajoutant \u00e0 votre collection, vous invitez un peu de ce royaume merveilleux dans votre quotidien.<\/p>\n<p data-start=\"1134\" data-end=\"1514\">Loin d\u2019\u00eatre un simple souvenir, cette bulle \u00e9voque la tendresse, l\u2019amiti\u00e9 et l\u2019importance de ch\u00e9rir ce qui nous est cher. Comme le Petit Prince lui-m\u00eame, elle nous rappelle que prendre soin de sa plan\u00e8te, aussi petite soit-elle, c\u2019est pr\u00e9server ce qui fait notre bonheur et notre \u00e9quilibre. Une \u0153uvre d\u00e9licate, parfaite pour les amoureux de l\u2019histoire et de l\u2019artisanat fait main.<\/p>\n<p data-start=\"1516\" data-end=\"1787\">D\u00e9couvrez \u00e9galement d&rsquo;autres cr\u00e9ations exclusives en visitant <a href=\"https:\/\/wattyland.fr\/index.php\/creation-sur-mesure\/\">nos galeries<\/a>. Dans l&rsquo;univers de <strong data-start=\"1610\" data-end=\"1623\">Wattyland<\/strong>, chaque pi\u00e8ce raconte une histoire, chaque format propose une exp\u00e9rience diff\u00e9rente, toujours avec la m\u00eame attention au d\u00e9tail et la m\u00eame passion pour l&rsquo;artisanat.<\/p>\n<p>&nbsp;<\/p>\n<p>&nbsp;<\/p>\n","protected":false},"excerpt":{"rendered":"<p>Bulle le petit prince, diorama en p\u00e2te polym\u00e8re r\u00e9alis\u00e9e \u00e0 la main.<\/p>\n","protected":false},"featured_media":1548,"comment_status":"closed","ping_status":"closed","template":"","meta":[],"product_brand":[],"product_cat":[19],"product_tag":[],"class_list":{"0":"post-1546","1":"product","2":"type-product","3":"status-publish","4":"has-post-thumbnail","6":"product_cat-dioramas-faits-main","8":"first","9":"instock","10":"taxable","11":"shipping-taxable","12":"purchasable","13":"product-type-simple"},"yoast_head":"<!-- This site is optimized with the Yoast SEO plugin v25.8 - https:\/\/yoast.com\/wordpress\/plugins\/seo\/ -->\n<title>Bulle Le petit prince et le renard - Wattyland<\/title>\n<meta name=\"description\" content=\"Bulle le petit prince en p\u00e2te polym\u00e8re r\u00e9alis\u00e9e \u00e0 la main. D\u00e9couvrez l&#039;univers de Wattyland et le plaisir des cr\u00e9ations artisanales sur mesure !\" \/>\n<meta name=\"robots\" content=\"index, follow, max-snippet:-1, max-image-preview:large, max-video-preview:-1\" \/>\n<link rel=\"canonical\" href=\"https:\/\/wattyland.fr\/index.php\/produit\/bulle-le-petit-prince-et-le-renard\/\" \/>\n<meta property=\"og:locale\" content=\"fr_FR\" \/>\n<meta property=\"og:type\" content=\"article\" \/>\n<meta property=\"og:title\" content=\"Bulle Le petit prince et le renard - Wattyland\" \/>\n<meta property=\"og:description\" content=\"Bulle le petit prince en p\u00e2te polym\u00e8re r\u00e9alis\u00e9e \u00e0 la main. D\u00e9couvrez l&#039;univers de Wattyland et le plaisir des cr\u00e9ations artisanales sur mesure !\" \/>\n<meta property=\"og:url\" content=\"https:\/\/wattyland.fr\/index.php\/produit\/bulle-le-petit-prince-et-le-renard\/\" \/>\n<meta property=\"og:site_name\" content=\"Wattyland\" \/>\n<meta property=\"article:publisher\" content=\"https:\/\/www.facebook.com\/profile.php?id=100092278305845\" \/>\n<meta property=\"article:modified_time\" content=\"2026-01-27T13:09:26+00:00\" \/>\n<meta property=\"og:image\" content=\"https:\/\/wattyland.fr\/wp-content\/uploads\/2026\/01\/bullelepetitprince.jpg\" \/>\n\t<meta property=\"og:image:width\" content=\"1024\" \/>\n\t<meta property=\"og:image:height\" content=\"1536\" \/>\n\t<meta property=\"og:image:type\" content=\"image\/jpeg\" \/>\n<meta name=\"twitter:card\" content=\"summary_large_image\" \/>\n<meta name=\"twitter:label1\" content=\"Dur\u00e9e de lecture estim\u00e9e\" \/>\n\t<meta name=\"twitter:data1\" content=\"2 minutes\" \/>\n<script type=\"application\/ld+json\" class=\"yoast-schema-graph\">{\"@context\":\"https:\/\/schema.org\",\"@graph\":[{\"@type\":\"WebPage\",\"@id\":\"https:\/\/wattyland.fr\/index.php\/produit\/bulle-le-petit-prince-et-le-renard\/\",\"url\":\"https:\/\/wattyland.fr\/index.php\/produit\/bulle-le-petit-prince-et-le-renard\/\",\"name\":\"Bulle Le petit prince et le renard - Wattyland\",\"isPartOf\":{\"@id\":\"https:\/\/wattyland.fr\/#website\"},\"primaryImageOfPage\":{\"@id\":\"https:\/\/wattyland.fr\/index.php\/produit\/bulle-le-petit-prince-et-le-renard\/#primaryimage\"},\"image\":{\"@id\":\"https:\/\/wattyland.fr\/index.php\/produit\/bulle-le-petit-prince-et-le-renard\/#primaryimage\"},\"thumbnailUrl\":\"https:\/\/wattyland.fr\/wp-content\/uploads\/2026\/01\/bullelepetitprince.jpg\",\"datePublished\":\"2026-01-23T13:45:31+00:00\",\"dateModified\":\"2026-01-27T13:09:26+00:00\",\"description\":\"Bulle le petit prince en p\u00e2te polym\u00e8re r\u00e9alis\u00e9e \u00e0 la main. D\u00e9couvrez l'univers de Wattyland et le plaisir des cr\u00e9ations artisanales sur mesure !\",\"breadcrumb\":{\"@id\":\"https:\/\/wattyland.fr\/index.php\/produit\/bulle-le-petit-prince-et-le-renard\/#breadcrumb\"},\"inLanguage\":\"fr-FR\",\"potentialAction\":[{\"@type\":\"ReadAction\",\"target\":[\"https:\/\/wattyland.fr\/index.php\/produit\/bulle-le-petit-prince-et-le-renard\/\"]}]},{\"@type\":\"ImageObject\",\"inLanguage\":\"fr-FR\",\"@id\":\"https:\/\/wattyland.fr\/index.php\/produit\/bulle-le-petit-prince-et-le-renard\/#primaryimage\",\"url\":\"https:\/\/wattyland.fr\/wp-content\/uploads\/2026\/01\/bullelepetitprince.jpg\",\"contentUrl\":\"https:\/\/wattyland.fr\/wp-content\/uploads\/2026\/01\/bullelepetitprince.jpg\",\"width\":1024,\"height\":1536,\"caption\":\"Bulle le petit prince et le renard\"},{\"@type\":\"BreadcrumbList\",\"@id\":\"https:\/\/wattyland.fr\/index.php\/produit\/bulle-le-petit-prince-et-le-renard\/#breadcrumb\",\"itemListElement\":[{\"@type\":\"ListItem\",\"position\":1,\"name\":\"Accueil\",\"item\":\"https:\/\/wattyland.fr\/\"},{\"@type\":\"ListItem\",\"position\":2,\"name\":\"Boutique\",\"item\":\"https:\/\/wattyland.fr\/index.php\/boutique\/\"},{\"@type\":\"ListItem\",\"position\":3,\"name\":\"Bulle Le petit prince et le renard\"}]},{\"@type\":\"WebSite\",\"@id\":\"https:\/\/wattyland.fr\/#website\",\"url\":\"https:\/\/wattyland.fr\/\",\"name\":\"Wattyland\",\"description\":\"Le petit monde de Wateka\",\"publisher\":{\"@id\":\"https:\/\/wattyland.fr\/#organization\"},\"potentialAction\":[{\"@type\":\"SearchAction\",\"target\":{\"@type\":\"EntryPoint\",\"urlTemplate\":\"https:\/\/wattyland.fr\/?s={search_term_string}\"},\"query-input\":{\"@type\":\"PropertyValueSpecification\",\"valueRequired\":true,\"valueName\":\"search_term_string\"}}],\"inLanguage\":\"fr-FR\"},{\"@type\":\"Organization\",\"@id\":\"https:\/\/wattyland.fr\/#organization\",\"name\":\"Wateka\",\"url\":\"https:\/\/wattyland.fr\/\",\"logo\":{\"@type\":\"ImageObject\",\"inLanguage\":\"fr-FR\",\"@id\":\"https:\/\/wattyland.fr\/#\/schema\/logo\/image\/\",\"url\":\"https:\/\/wattyland.fr\/wp-content\/uploads\/2023\/12\/Generated-Image-August-31-2025-2_07AM.png\",\"contentUrl\":\"https:\/\/wattyland.fr\/wp-content\/uploads\/2023\/12\/Generated-Image-August-31-2025-2_07AM.png\",\"width\":1024,\"height\":1024,\"caption\":\"Wateka\"},\"image\":{\"@id\":\"https:\/\/wattyland.fr\/#\/schema\/logo\/image\/\"},\"sameAs\":[\"https:\/\/www.facebook.com\/profile.php?id=100092278305845\",\"https:\/\/www.instagram.com\/wateka34?utm_source=ig_contact_invite\"]}]}<\/script>\n<!-- \/ Yoast SEO plugin. -->","yoast_head_json":{"title":"Bulle Le petit prince et le renard - Wattyland","description":"Bulle le petit prince en p\u00e2te polym\u00e8re r\u00e9alis\u00e9e \u00e0 la main. D\u00e9couvrez l'univers de Wattyland et le plaisir des cr\u00e9ations artisanales sur mesure !","robots":{"index":"index","follow":"follow","max-snippet":"max-snippet:-1","max-image-preview":"max-image-preview:large","max-video-preview":"max-video-preview:-1"},"canonical":"https:\/\/wattyland.fr\/index.php\/produit\/bulle-le-petit-prince-et-le-renard\/","og_locale":"fr_FR","og_type":"article","og_title":"Bulle Le petit prince et le renard - Wattyland","og_description":"Bulle le petit prince en p\u00e2te polym\u00e8re r\u00e9alis\u00e9e \u00e0 la main. D\u00e9couvrez l'univers de Wattyland et le plaisir des cr\u00e9ations artisanales sur mesure !","og_url":"https:\/\/wattyland.fr\/index.php\/produit\/bulle-le-petit-prince-et-le-renard\/","og_site_name":"Wattyland","article_publisher":"https:\/\/www.facebook.com\/profile.php?id=100092278305845","article_modified_time":"2026-01-27T13:09:26+00:00","og_image":[{"width":1024,"height":1536,"url":"https:\/\/wattyland.fr\/wp-content\/uploads\/2026\/01\/bullelepetitprince.jpg","type":"image\/jpeg"}],"twitter_card":"summary_large_image","twitter_misc":{"Dur\u00e9e de lecture estim\u00e9e":"2 minutes"},"schema":{"@context":"https:\/\/schema.org","@graph":[{"@type":"WebPage","@id":"https:\/\/wattyland.fr\/index.php\/produit\/bulle-le-petit-prince-et-le-renard\/","url":"https:\/\/wattyland.fr\/index.php\/produit\/bulle-le-petit-prince-et-le-renard\/","name":"Bulle Le petit prince et le renard - Wattyland","isPartOf":{"@id":"https:\/\/wattyland.fr\/#website"},"primaryImageOfPage":{"@id":"https:\/\/wattyland.fr\/index.php\/produit\/bulle-le-petit-prince-et-le-renard\/#primaryimage"},"image":{"@id":"https:\/\/wattyland.fr\/index.php\/produit\/bulle-le-petit-prince-et-le-renard\/#primaryimage"},"thumbnailUrl":"https:\/\/wattyland.fr\/wp-content\/uploads\/2026\/01\/bullelepetitprince.jpg","datePublished":"2026-01-23T13:45:31+00:00","dateModified":"2026-01-27T13:09:26+00:00","description":"Bulle le petit prince en p\u00e2te polym\u00e8re r\u00e9alis\u00e9e \u00e0 la main. D\u00e9couvrez l'univers de Wattyland et le plaisir des cr\u00e9ations artisanales sur mesure !","breadcrumb":{"@id":"https:\/\/wattyland.fr\/index.php\/produit\/bulle-le-petit-prince-et-le-renard\/#breadcrumb"},"inLanguage":"fr-FR","potentialAction":[{"@type":"ReadAction","target":["https:\/\/wattyland.fr\/index.php\/produit\/bulle-le-petit-prince-et-le-renard\/"]}]},{"@type":"ImageObject","inLanguage":"fr-FR","@id":"https:\/\/wattyland.fr\/index.php\/produit\/bulle-le-petit-prince-et-le-renard\/#primaryimage","url":"https:\/\/wattyland.fr\/wp-content\/uploads\/2026\/01\/bullelepetitprince.jpg","contentUrl":"https:\/\/wattyland.fr\/wp-content\/uploads\/2026\/01\/bullelepetitprince.jpg","width":1024,"height":1536,"caption":"Bulle le petit prince et le renard"},{"@type":"BreadcrumbList","@id":"https:\/\/wattyland.fr\/index.php\/produit\/bulle-le-petit-prince-et-le-renard\/#breadcrumb","itemListElement":[{"@type":"ListItem","position":1,"name":"Accueil","item":"https:\/\/wattyland.fr\/"},{"@type":"ListItem","position":2,"name":"Boutique","item":"https:\/\/wattyland.fr\/index.php\/boutique\/"},{"@type":"ListItem","position":3,"name":"Bulle Le petit prince et le renard"}]},{"@type":"WebSite","@id":"https:\/\/wattyland.fr\/#website","url":"https:\/\/wattyland.fr\/","name":"Wattyland","description":"Le petit monde de Wateka","publisher":{"@id":"https:\/\/wattyland.fr\/#organization"},"potentialAction":[{"@type":"SearchAction","target":{"@type":"EntryPoint","urlTemplate":"https:\/\/wattyland.fr\/?s={search_term_string}"},"query-input":{"@type":"PropertyValueSpecification","valueRequired":true,"valueName":"search_term_string"}}],"inLanguage":"fr-FR"},{"@type":"Organization","@id":"https:\/\/wattyland.fr\/#organization","name":"Wateka","url":"https:\/\/wattyland.fr\/","logo":{"@type":"ImageObject","inLanguage":"fr-FR","@id":"https:\/\/wattyland.fr\/#\/schema\/logo\/image\/","url":"https:\/\/wattyland.fr\/wp-content\/uploads\/2023\/12\/Generated-Image-August-31-2025-2_07AM.png","contentUrl":"https:\/\/wattyland.fr\/wp-content\/uploads\/2023\/12\/Generated-Image-August-31-2025-2_07AM.png","width":1024,"height":1024,"caption":"Wateka"},"image":{"@id":"https:\/\/wattyland.fr\/#\/schema\/logo\/image\/"},"sameAs":["https:\/\/www.facebook.com\/profile.php?id=100092278305845","https:\/\/www.instagram.com\/wateka34?utm_source=ig_contact_invite"]}]}},"_links":{"self":[{"href":"https:\/\/wattyland.fr\/index.php\/wp-json\/wp\/v2\/product\/1546","targetHints":{"allow":["GET"]}}],"collection":[{"href":"https:\/\/wattyland.fr\/index.php\/wp-json\/wp\/v2\/product"}],"about":[{"href":"https:\/\/wattyland.fr\/index.php\/wp-json\/wp\/v2\/types\/product"}],"replies":[{"embeddable":true,"href":"https:\/\/wattyland.fr\/index.php\/wp-json\/wp\/v2\/comments?post=1546"}],"wp:featuredmedia":[{"embeddable":true,"href":"https:\/\/wattyland.fr\/index.php\/wp-json\/wp\/v2\/media\/1548"}],"wp:attachment":[{"href":"https:\/\/wattyland.fr\/index.php\/wp-json\/wp\/v2\/media?parent=1546"}],"wp:term":[{"taxonomy":"product_brand","embeddable":true,"href":"https:\/\/wattyland.fr\/index.php\/wp-json\/wp\/v2\/product_brand?post=1546"},{"taxonomy":"product_cat","embeddable":true,"href":"https:\/\/wattyland.fr\/index.php\/wp-json\/wp\/v2\/product_cat?post=1546"},{"taxonomy":"product_tag","embeddable":true,"href":"https:\/\/wattyland.fr\/index.php\/wp-json\/wp\/v2\/product_tag?post=1546"}],"curies":[{"name":"wp","href":"https:\/\/api.w.org\/{rel}","templated":true}]}}