{"id":1556,"date":"2026-02-04T12:26:35","date_gmt":"2026-02-04T11:26:35","guid":{"rendered":"https:\/\/wattyland.fr\/?post_type=product&#038;p=1556"},"modified":"2026-02-04T12:30:32","modified_gmt":"2026-02-04T11:30:32","slug":"toile-jardin-interieur","status":"publish","type":"product","link":"https:\/\/wattyland.fr\/index.php\/produit\/toile-jardin-interieur\/","title":{"rendered":"Toile jardin int\u00e9rieur"},"content":{"rendered":"<h2 data-start=\"550\" data-end=\"898\">Un jardin int\u00e9rieur onirique<\/h2>\n<p data-start=\"550\" data-end=\"898\">Cette <strong data-start=\"556\" data-end=\"582\">toile Jardin Int\u00e9rieur<\/strong> est une \u0153uvre originale r\u00e9alis\u00e9e \u00e0 main lev\u00e9e, n\u00e9e d\u2019un voyage intime au c\u0153ur de l\u2019imaginaire et des paysages \u00e9motionnels. Inspir\u00e9e par l\u2019id\u00e9e du jardin int\u00e9rieur \u2013 cet espace secret o\u00f9 cohabitent les souvenirs, les r\u00eaves, les blessures et la lumi\u00e8re \u2013 cette peinture invite \u00e0 une immersion sensorielle et po\u00e9tique.<\/p>\n<p data-start=\"900\" data-end=\"1356\">Chaque d\u00e9tail de cette toile de 25 cm sur 25 cm, repr\u00e9sente une parcelle de ce <strong data-start=\"959\" data-end=\"990\">jardin int\u00e9rieur symbolique<\/strong> : des chemins sinueux comme des pens\u00e9es, des arches \u00e9voquant les passages de vie, des formes v\u00e9g\u00e9tales luxuriantes rappelant la croissance int\u00e9rieure, et des touches lumineuses semblables \u00e0 des lucioles, symboles d\u2019espoir et de r\u00e9silience. Les couleurs vibrantes et contrast\u00e9es cr\u00e9ent un \u00e9quilibre entre douceur et intensit\u00e9, \u00e0 l\u2019image du monde int\u00e9rieur de chacun.<\/p>\n<h2 data-start=\"900\" data-end=\"1356\">Une toile \u00e0 main lev\u00e9e<\/h2>\n<p data-start=\"1358\" data-end=\"1771\">Peinte sans esquisse pr\u00e9alable, cette <strong data-start=\"1396\" data-end=\"1422\">toile jardin int\u00e9rieur<\/strong> est le fruit d\u2019un geste libre et intuitif. Le trait spontan\u00e9, presque m\u00e9ditatif, laisse place \u00e0 l\u2019\u00e9motion brute et \u00e0 l\u2019imperfection assum\u00e9e, rendant chaque zone de la toile vivante et organique. C\u2019est une \u0153uvre qui se d\u00e9couvre lentement, r\u00e9v\u00e9lant de nouveaux d\u00e9tails au fil des regards, comme on explore son propre jardin int\u00e9rieur au fil du temps.<\/p>\n<p data-start=\"1773\" data-end=\"2103\">Cette toile trouvera naturellement sa place dans un int\u00e9rieur apaisant, un espace de cr\u00e9ation, un cabinet th\u00e9rapeutique ou un lieu de vie o\u00f9 l\u2019on souhaite inviter le r\u00eave, la contemplation et la reconnexion \u00e0 soi. Elle s\u2019adresse \u00e0 celles et ceux qui ressentent le besoin de ralentir, de se recentrer et de nourrir leur imaginaire.<\/p>\n<p data-start=\"2105\" data-end=\"2267\">\u2728 <strong data-start=\"2107\" data-end=\"2141\">\u0152uvre originale \u2013 pi\u00e8ce unique (cadre non inclus)<\/strong><br data-start=\"2141\" data-end=\"2144\" \/>\u2728 Peinture intuitive, symbolique et \u00e9motionnelle<br data-start=\"2192\" data-end=\"2195\" \/>\u2728 Id\u00e9ale pour une d\u00e9coration inspir\u00e9e par la nature et l\u2019introspection<\/p>\n<p data-start=\"2269\" data-end=\"2547\">\ud83d\udce9 <strong data-start=\"2272\" data-end=\"2340\">Pour toute demande de devis ou de renseignements compl\u00e9mentaires<\/strong>, je t\u2019invite \u00e0 te rendre sur la <strong data-start=\"2373\" data-end=\"2407\">page <a href=\"https:\/\/wattyland.fr\/index.php\/contact\/\">Contact <\/a><\/strong>.<br data-start=\"2408\" data-end=\"2411\" \/>\ud83d\udc49 <strong data-start=\"2414\" data-end=\"2547\">Toutes les commandes sur mesure, adaptations ou cr\u00e9ations personnalis\u00e9es se r\u00e9alisent exclusivement sur \u00e9tude de devis pr\u00e9alable.<\/strong><\/p>\n","protected":false},"excerpt":{"rendered":"<p>Un jardin int\u00e9rieur onirique Cette toile Jardin Int\u00e9rieur est une \u0153uvre originale r\u00e9alis\u00e9e \u00e0 main lev\u00e9e, n\u00e9e d\u2019un voyage intime au c\u0153ur de l\u2019imaginaire et des paysages \u00e9motionnels. Inspir\u00e9e par l\u2019id\u00e9e du jardin int\u00e9rieur \u2013 cet espace secret o\u00f9 cohabitent les souvenirs, les r\u00eaves, les blessures et la lumi\u00e8re \u2013 cette peinture invite \u00e0 une [&hellip;]<\/p>\n","protected":false},"featured_media":1558,"comment_status":"closed","ping_status":"closed","template":"","meta":[],"product_brand":[],"product_cat":[18],"product_tag":[],"class_list":{"0":"post-1556","1":"product","2":"type-product","3":"status-publish","4":"has-post-thumbnail","6":"product_cat-non-classe","8":"first","9":"instock","10":"taxable","11":"shipping-taxable","12":"purchasable","13":"product-type-simple"},"yoast_head":"<!-- This site is optimized with the Yoast SEO plugin v25.8 - https:\/\/yoast.com\/wordpress\/plugins\/seo\/ -->\n<title>Toile jardin int\u00e9rieur - Wattyland<\/title>\n<meta name=\"description\" content=\"D\u00e9couvrez une toile jardin int\u00e9rieur r\u00e9alis\u00e9e \u00e0 main lev\u00e9e dans le royaume de Wattyland. Explorez des cr\u00e9ations artisanales uniques et un monde onirique.\" \/>\n<meta name=\"robots\" content=\"index, follow, max-snippet:-1, max-image-preview:large, max-video-preview:-1\" \/>\n<link rel=\"canonical\" href=\"https:\/\/wattyland.fr\/index.php\/produit\/toile-jardin-interieur\/\" \/>\n<meta property=\"og:locale\" content=\"fr_FR\" \/>\n<meta property=\"og:type\" content=\"article\" \/>\n<meta property=\"og:title\" content=\"Toile jardin int\u00e9rieur - Wattyland\" \/>\n<meta property=\"og:description\" content=\"D\u00e9couvrez une toile jardin int\u00e9rieur r\u00e9alis\u00e9e \u00e0 main lev\u00e9e dans le royaume de Wattyland. Explorez des cr\u00e9ations artisanales uniques et un monde onirique.\" \/>\n<meta property=\"og:url\" content=\"https:\/\/wattyland.fr\/index.php\/produit\/toile-jardin-interieur\/\" \/>\n<meta property=\"og:site_name\" content=\"Wattyland\" \/>\n<meta property=\"article:publisher\" content=\"https:\/\/www.facebook.com\/profile.php?id=100092278305845\" \/>\n<meta property=\"article:modified_time\" content=\"2026-02-04T11:30:32+00:00\" \/>\n<meta property=\"og:image\" content=\"https:\/\/wattyland.fr\/wp-content\/uploads\/2026\/02\/toilesurmesure.png\" \/>\n\t<meta property=\"og:image:width\" content=\"800\" \/>\n\t<meta property=\"og:image:height\" content=\"800\" \/>\n\t<meta property=\"og:image:type\" content=\"image\/png\" \/>\n<meta name=\"twitter:card\" content=\"summary_large_image\" \/>\n<meta name=\"twitter:label1\" content=\"Dur\u00e9e de lecture estim\u00e9e\" \/>\n\t<meta name=\"twitter:data1\" content=\"2 minutes\" \/>\n<script type=\"application\/ld+json\" class=\"yoast-schema-graph\">{\"@context\":\"https:\/\/schema.org\",\"@graph\":[{\"@type\":\"WebPage\",\"@id\":\"https:\/\/wattyland.fr\/index.php\/produit\/toile-jardin-interieur\/\",\"url\":\"https:\/\/wattyland.fr\/index.php\/produit\/toile-jardin-interieur\/\",\"name\":\"Toile jardin int\u00e9rieur - Wattyland\",\"isPartOf\":{\"@id\":\"https:\/\/wattyland.fr\/#website\"},\"primaryImageOfPage\":{\"@id\":\"https:\/\/wattyland.fr\/index.php\/produit\/toile-jardin-interieur\/#primaryimage\"},\"image\":{\"@id\":\"https:\/\/wattyland.fr\/index.php\/produit\/toile-jardin-interieur\/#primaryimage\"},\"thumbnailUrl\":\"https:\/\/wattyland.fr\/wp-content\/uploads\/2026\/02\/toilesurmesure.png\",\"datePublished\":\"2026-02-04T11:26:35+00:00\",\"dateModified\":\"2026-02-04T11:30:32+00:00\",\"description\":\"D\u00e9couvrez une toile jardin int\u00e9rieur r\u00e9alis\u00e9e \u00e0 main lev\u00e9e dans le royaume de Wattyland. Explorez des cr\u00e9ations artisanales uniques et un monde onirique.\",\"breadcrumb\":{\"@id\":\"https:\/\/wattyland.fr\/index.php\/produit\/toile-jardin-interieur\/#breadcrumb\"},\"inLanguage\":\"fr-FR\",\"potentialAction\":[{\"@type\":\"ReadAction\",\"target\":[\"https:\/\/wattyland.fr\/index.php\/produit\/toile-jardin-interieur\/\"]}]},{\"@type\":\"ImageObject\",\"inLanguage\":\"fr-FR\",\"@id\":\"https:\/\/wattyland.fr\/index.php\/produit\/toile-jardin-interieur\/#primaryimage\",\"url\":\"https:\/\/wattyland.fr\/wp-content\/uploads\/2026\/02\/toilesurmesure.png\",\"contentUrl\":\"https:\/\/wattyland.fr\/wp-content\/uploads\/2026\/02\/toilesurmesure.png\",\"width\":1024,\"height\":1024,\"caption\":\"Toile jardin int\u00e9rieur sur mesure artisanale\"},{\"@type\":\"BreadcrumbList\",\"@id\":\"https:\/\/wattyland.fr\/index.php\/produit\/toile-jardin-interieur\/#breadcrumb\",\"itemListElement\":[{\"@type\":\"ListItem\",\"position\":1,\"name\":\"Accueil\",\"item\":\"https:\/\/wattyland.fr\/\"},{\"@type\":\"ListItem\",\"position\":2,\"name\":\"Boutique\",\"item\":\"https:\/\/wattyland.fr\/index.php\/boutique\/\"},{\"@type\":\"ListItem\",\"position\":3,\"name\":\"Toile jardin int\u00e9rieur\"}]},{\"@type\":\"WebSite\",\"@id\":\"https:\/\/wattyland.fr\/#website\",\"url\":\"https:\/\/wattyland.fr\/\",\"name\":\"Wattyland\",\"description\":\"Le petit monde de Wateka\",\"publisher\":{\"@id\":\"https:\/\/wattyland.fr\/#organization\"},\"potentialAction\":[{\"@type\":\"SearchAction\",\"target\":{\"@type\":\"EntryPoint\",\"urlTemplate\":\"https:\/\/wattyland.fr\/?s={search_term_string}\"},\"query-input\":{\"@type\":\"PropertyValueSpecification\",\"valueRequired\":true,\"valueName\":\"search_term_string\"}}],\"inLanguage\":\"fr-FR\"},{\"@type\":\"Organization\",\"@id\":\"https:\/\/wattyland.fr\/#organization\",\"name\":\"Wateka\",\"url\":\"https:\/\/wattyland.fr\/\",\"logo\":{\"@type\":\"ImageObject\",\"inLanguage\":\"fr-FR\",\"@id\":\"https:\/\/wattyland.fr\/#\/schema\/logo\/image\/\",\"url\":\"https:\/\/wattyland.fr\/wp-content\/uploads\/2023\/12\/Generated-Image-August-31-2025-2_07AM.png\",\"contentUrl\":\"https:\/\/wattyland.fr\/wp-content\/uploads\/2023\/12\/Generated-Image-August-31-2025-2_07AM.png\",\"width\":1024,\"height\":1024,\"caption\":\"Wateka\"},\"image\":{\"@id\":\"https:\/\/wattyland.fr\/#\/schema\/logo\/image\/\"},\"sameAs\":[\"https:\/\/www.facebook.com\/profile.php?id=100092278305845\",\"https:\/\/www.instagram.com\/wateka34?utm_source=ig_contact_invite\"]}]}<\/script>\n<!-- \/ Yoast SEO plugin. -->","yoast_head_json":{"title":"Toile jardin int\u00e9rieur - Wattyland","description":"D\u00e9couvrez une toile jardin int\u00e9rieur r\u00e9alis\u00e9e \u00e0 main lev\u00e9e dans le royaume de Wattyland. Explorez des cr\u00e9ations artisanales uniques et un monde onirique.","robots":{"index":"index","follow":"follow","max-snippet":"max-snippet:-1","max-image-preview":"max-image-preview:large","max-video-preview":"max-video-preview:-1"},"canonical":"https:\/\/wattyland.fr\/index.php\/produit\/toile-jardin-interieur\/","og_locale":"fr_FR","og_type":"article","og_title":"Toile jardin int\u00e9rieur - Wattyland","og_description":"D\u00e9couvrez une toile jardin int\u00e9rieur r\u00e9alis\u00e9e \u00e0 main lev\u00e9e dans le royaume de Wattyland. Explorez des cr\u00e9ations artisanales uniques et un monde onirique.","og_url":"https:\/\/wattyland.fr\/index.php\/produit\/toile-jardin-interieur\/","og_site_name":"Wattyland","article_publisher":"https:\/\/www.facebook.com\/profile.php?id=100092278305845","article_modified_time":"2026-02-04T11:30:32+00:00","og_image":[{"url":"https:\/\/wattyland.fr\/wp-content\/uploads\/2026\/02\/toilesurmesure.png","width":800,"height":800,"type":"image\/png"}],"twitter_card":"summary_large_image","twitter_misc":{"Dur\u00e9e de lecture estim\u00e9e":"2 minutes"},"schema":{"@context":"https:\/\/schema.org","@graph":[{"@type":"WebPage","@id":"https:\/\/wattyland.fr\/index.php\/produit\/toile-jardin-interieur\/","url":"https:\/\/wattyland.fr\/index.php\/produit\/toile-jardin-interieur\/","name":"Toile jardin int\u00e9rieur - Wattyland","isPartOf":{"@id":"https:\/\/wattyland.fr\/#website"},"primaryImageOfPage":{"@id":"https:\/\/wattyland.fr\/index.php\/produit\/toile-jardin-interieur\/#primaryimage"},"image":{"@id":"https:\/\/wattyland.fr\/index.php\/produit\/toile-jardin-interieur\/#primaryimage"},"thumbnailUrl":"https:\/\/wattyland.fr\/wp-content\/uploads\/2026\/02\/toilesurmesure.png","datePublished":"2026-02-04T11:26:35+00:00","dateModified":"2026-02-04T11:30:32+00:00","description":"D\u00e9couvrez une toile jardin int\u00e9rieur r\u00e9alis\u00e9e \u00e0 main lev\u00e9e dans le royaume de Wattyland. Explorez des cr\u00e9ations artisanales uniques et un monde onirique.","breadcrumb":{"@id":"https:\/\/wattyland.fr\/index.php\/produit\/toile-jardin-interieur\/#breadcrumb"},"inLanguage":"fr-FR","potentialAction":[{"@type":"ReadAction","target":["https:\/\/wattyland.fr\/index.php\/produit\/toile-jardin-interieur\/"]}]},{"@type":"ImageObject","inLanguage":"fr-FR","@id":"https:\/\/wattyland.fr\/index.php\/produit\/toile-jardin-interieur\/#primaryimage","url":"https:\/\/wattyland.fr\/wp-content\/uploads\/2026\/02\/toilesurmesure.png","contentUrl":"https:\/\/wattyland.fr\/wp-content\/uploads\/2026\/02\/toilesurmesure.png","width":1024,"height":1024,"caption":"Toile jardin int\u00e9rieur sur mesure artisanale"},{"@type":"BreadcrumbList","@id":"https:\/\/wattyland.fr\/index.php\/produit\/toile-jardin-interieur\/#breadcrumb","itemListElement":[{"@type":"ListItem","position":1,"name":"Accueil","item":"https:\/\/wattyland.fr\/"},{"@type":"ListItem","position":2,"name":"Boutique","item":"https:\/\/wattyland.fr\/index.php\/boutique\/"},{"@type":"ListItem","position":3,"name":"Toile jardin int\u00e9rieur"}]},{"@type":"WebSite","@id":"https:\/\/wattyland.fr\/#website","url":"https:\/\/wattyland.fr\/","name":"Wattyland","description":"Le petit monde de Wateka","publisher":{"@id":"https:\/\/wattyland.fr\/#organization"},"potentialAction":[{"@type":"SearchAction","target":{"@type":"EntryPoint","urlTemplate":"https:\/\/wattyland.fr\/?s={search_term_string}"},"query-input":{"@type":"PropertyValueSpecification","valueRequired":true,"valueName":"search_term_string"}}],"inLanguage":"fr-FR"},{"@type":"Organization","@id":"https:\/\/wattyland.fr\/#organization","name":"Wateka","url":"https:\/\/wattyland.fr\/","logo":{"@type":"ImageObject","inLanguage":"fr-FR","@id":"https:\/\/wattyland.fr\/#\/schema\/logo\/image\/","url":"https:\/\/wattyland.fr\/wp-content\/uploads\/2023\/12\/Generated-Image-August-31-2025-2_07AM.png","contentUrl":"https:\/\/wattyland.fr\/wp-content\/uploads\/2023\/12\/Generated-Image-August-31-2025-2_07AM.png","width":1024,"height":1024,"caption":"Wateka"},"image":{"@id":"https:\/\/wattyland.fr\/#\/schema\/logo\/image\/"},"sameAs":["https:\/\/www.facebook.com\/profile.php?id=100092278305845","https:\/\/www.instagram.com\/wateka34?utm_source=ig_contact_invite"]}]}},"_links":{"self":[{"href":"https:\/\/wattyland.fr\/index.php\/wp-json\/wp\/v2\/product\/1556","targetHints":{"allow":["GET"]}}],"collection":[{"href":"https:\/\/wattyland.fr\/index.php\/wp-json\/wp\/v2\/product"}],"about":[{"href":"https:\/\/wattyland.fr\/index.php\/wp-json\/wp\/v2\/types\/product"}],"replies":[{"embeddable":true,"href":"https:\/\/wattyland.fr\/index.php\/wp-json\/wp\/v2\/comments?post=1556"}],"wp:featuredmedia":[{"embeddable":true,"href":"https:\/\/wattyland.fr\/index.php\/wp-json\/wp\/v2\/media\/1558"}],"wp:attachment":[{"href":"https:\/\/wattyland.fr\/index.php\/wp-json\/wp\/v2\/media?parent=1556"}],"wp:term":[{"taxonomy":"product_brand","embeddable":true,"href":"https:\/\/wattyland.fr\/index.php\/wp-json\/wp\/v2\/product_brand?post=1556"},{"taxonomy":"product_cat","embeddable":true,"href":"https:\/\/wattyland.fr\/index.php\/wp-json\/wp\/v2\/product_cat?post=1556"},{"taxonomy":"product_tag","embeddable":true,"href":"https:\/\/wattyland.fr\/index.php\/wp-json\/wp\/v2\/product_tag?post=1556"}],"curies":[{"name":"wp","href":"https:\/\/api.w.org\/{rel}","templated":true}]}}